{"id":479,"date":"2019-03-16T22:05:17","date_gmt":"2019-03-16T21:05:17","guid":{"rendered":"http:\/\/www.fassiatyvideofund.com\/?page_id=479"},"modified":"2019-03-17T13:58:13","modified_gmt":"2019-03-17T12:58:13","slug":"retrospective-john-wood-paul-harrison","status":"publish","type":"page","link":"https:\/\/fassiatyvideofund.com\/index.php\/accueil\/expositions\/retrospective-john-wood-paul-harrison\/","title":{"rendered":"Retrospective WH"},"content":{"rendered":"<p>John Wood &amp; Paul Harrison \u2013 duo d\u2019artistes travaillant \u00e0 Bristol, en Angleterre &#8211; ont beaucoup utilis\u00e9 leur corps &#8211; qu&#8217;ils appellent des \u00ab bonshommes-b\u00e2tons \u00bb &#8211; comme moyen d&#8217;exp\u00e9rimentation pour nous soumettre des performances subtiles et millim\u00e9tr\u00e9es.<\/p>\n<p>Souvent catalogu\u00e9s de burlesques et humoristiques, John Wood &amp; Paul Harrison ne sont en fait pas si dr\u00f4les. Pour preuve, les \u0153uvres pr\u00e9sent\u00e9es dans cette exposition : toutes portent sur un aspect de leur travail que l\u2019on pourrait qualifier de sombre.<\/p>\n<p>&nbsp;<\/p>\n<p><\/br><br \/>\n<strong>Test 1<\/strong><\/p>\n<p>[pdfjs-viewer url=&#8221;http%3A%2F%2Fvps509355.ovh.net%2Fwp-content%2Fuploads%2F2019%2F03%2FTest-WH.pdf&#8221; viewer_width=100% viewer_height=1360px fullscreen=true download=true print=true]<\/p>\n<p>&nbsp;<\/p>\n<p><\/br><br \/>\n<strong>Test 2<\/strong><\/p>\n<p>[gview file=&#8221;http:\/\/vps509355.ovh.net\/wp-content\/uploads\/2019\/03\/Test-WH.pdf&#8221;]<\/p>\n<p>&nbsp;<\/p>\n<p><\/br><br \/>\n<strong>Test 3<\/strong><\/p>\n<p>[flipbook pdf=&#8221;http:\/\/vps509355.ovh.net\/wp-content\/uploads\/2019\/03\/Test-WH.pdf&#8221;]<\/p>\n<p>&nbsp;<\/p>\n<p><\/br><br \/>\n<strong>Test 4<\/strong><\/p>\n<p>[YUMPU epaper_id=62481703 width=&#8221;512&#8243; height=&#8221;384&#8243;]<\/p>\n<p>&nbsp;<\/p>\n","protected":false},"excerpt":{"rendered":"<p>John Wood &amp; Paul Harrison \u2013 duo d\u2019artistes travaillant \u00e0 Bristol, en Angleterre &#8211; ont beaucoup utilis\u00e9 leur corps &#8211; qu&#8217;ils appellent des \u00ab bonshommes-b\u00e2tons \u00bb &#8211; comme&#8230;<\/p>\n","protected":false},"author":1,"featured_media":0,"parent":2,"menu_order":1,"comment_status":"closed","ping_status":"closed","template":"","meta":{"_mi_skip_tracking":false,"footnotes":""},"_links":{"self":[{"href":"https:\/\/fassiatyvideofund.com\/index.php\/wp-json\/wp\/v2\/pages\/479"}],"collection":[{"href":"https:\/\/fassiatyvideofund.com\/index.php\/wp-json\/wp\/v2\/pages"}],"about":[{"href":"https:\/\/fassiatyvideofund.com\/index.php\/wp-json\/wp\/v2\/types\/page"}],"author":[{"embeddable":true,"href":"https:\/\/fassiatyvideofund.com\/index.php\/wp-json\/wp\/v2\/users\/1"}],"replies":[{"embeddable":true,"href":"https:\/\/fassiatyvideofund.com\/index.php\/wp-json\/wp\/v2\/comments?post=479"}],"version-history":[{"count":40,"href":"https:\/\/fassiatyvideofund.com\/index.php\/wp-json\/wp\/v2\/pages\/479\/revisions"}],"predecessor-version":[{"id":572,"href":"https:\/\/fassiatyvideofund.com\/index.php\/wp-json\/wp\/v2\/pages\/479\/revisions\/572"}],"up":[{"embeddable":true,"href":"https:\/\/fassiatyvideofund.com\/index.php\/wp-json\/wp\/v2\/pages\/2"}],"wp:attachment":[{"href":"https:\/\/fassiatyvideofund.com\/index.php\/wp-json\/wp\/v2\/media?parent=479"}],"curies":[{"name":"wp","href":"https:\/\/api.w.org\/{rel}","templated":true}]}}