{"id":26,"date":"2018-02-06T14:46:00","date_gmt":"2018-02-06T13:46:00","guid":{"rendered":"http:\/\/vps509355.ovh.net\/?page_id=26"},"modified":"2018-06-04T10:19:38","modified_gmt":"2018-06-04T08:19:38","slug":"a-propos-de","status":"publish","type":"page","link":"https:\/\/fassiatyvideofund.com\/index.php\/accueil\/a-propos-de\/","title":{"rendered":"\u00c0 propos"},"content":{"rendered":"<p>Le fonds de dotation Marc Fassiaty pour l&#8217;Art Video a pour objet de d\u00e9velopper et\/ou de soutenir des activit\u00e9s d\u2019int\u00e9r\u00eat g\u00e9n\u00e9ral \u00e0 caract\u00e8re artistique et culturel, concourant \u00e0 la promotion de l\u2019art sous toutes ses formes, notamment la vid\u00e9o, en France et \u00e0 l\u2019Etranger,  tant aupr\u00e8s d\u2019initi\u00e9s que du grand public.<\/p>\n<p>Afin de r\u00e9aliser son objet, le fonds de dotation peut notamment : <\/p>\n<p>&#8211; organiser, participer et\/ou soutenir l\u2019organisation d\u2019\u00e9v\u00e8nements artistiques ainsi que tout autre \u00e9v\u00e8nement sur des th\u00e8mes li\u00e9s \u00e0 son objet, en France et dans le monde;<\/p>\n<p>&#8211; pr\u00eater des \u0153uvres d\u2019art \u00e0 des mus\u00e9es, universit\u00e9s ou tout autre organisme culturel sans but lucratif;<\/p>\n<p>&#8211; organiser, participer et\/ou soutenir la r\u00e9alisation de publication et la diffusion de tout support de communication, y compris revue, ouvrage, site Internet et autres supports multim\u00e9dias en lien avec son objet;<\/p>\n<p>&#8211;  la cr\u00e9ation d&#8217;expositions  th\u00e9matiques.<\/p>\n<p><strong>Historique de la cr\u00e9ation du Fond de Dotation.<\/strong><\/p>\n<p>En 2001, Marc Fassiaty \u00ab le Fondateur historique \u00bb, d\u00e9bute une collection de vid\u00e9os repr\u00e9sentative d&#8217;artistes internationaux \u00e9mergeants. Les acquisitions s&#8217;attachent \u00e0 des universaux (langage, humour, condition humaine,), r\u00e9alis\u00e9s le plus souvent sous la forme de l&#8217;auto-filmage.<\/p>\n<p>Elle r\u00e9pond \u00e0 une passion, que le fondateur souhaite maintenant partager avec un large public. Pour ce faire, il d\u00e9cide de constituer un Fonds de Dotation d\u00e9di\u00e9 \u00e0 l&#8217;art vid\u00e9o.<\/p>\n<p>Son origine correspond donc au choix d&#8217;une personne priv\u00e9e, d&#8217;apr\u00e8s ses propres crit\u00e8res, sa propre sensibilit\u00e9, ses go\u00fbts artistiques et esth\u00e9tiques. Marc Fassiaty ambitionne donc de d\u00e9fendre, dans le monde entier, les artistes pr\u00e9sents dans la collection et plus globalement faire la promotion de l\u2019art.<\/p>\n","protected":false},"excerpt":{"rendered":"<p>Le fonds de dotation Marc Fassiaty pour l&#8217;Art Video a pour objet de d\u00e9velopper et\/ou de soutenir des activit\u00e9s d\u2019int\u00e9r\u00eat g\u00e9n\u00e9ral \u00e0 caract\u00e8re artistique et culturel, concourant \u00e0&#8230;<\/p>\n","protected":false},"author":1,"featured_media":0,"parent":25,"menu_order":0,"comment_status":"closed","ping_status":"closed","template":"","meta":{"_mi_skip_tracking":false,"footnotes":""},"_links":{"self":[{"href":"https:\/\/fassiatyvideofund.com\/index.php\/wp-json\/wp\/v2\/pages\/26"}],"collection":[{"href":"https:\/\/fassiatyvideofund.com\/index.php\/wp-json\/wp\/v2\/pages"}],"about":[{"href":"https:\/\/fassiatyvideofund.com\/index.php\/wp-json\/wp\/v2\/types\/page"}],"author":[{"embeddable":true,"href":"https:\/\/fassiatyvideofund.com\/index.php\/wp-json\/wp\/v2\/users\/1"}],"replies":[{"embeddable":true,"href":"https:\/\/fassiatyvideofund.com\/index.php\/wp-json\/wp\/v2\/comments?post=26"}],"version-history":[{"count":6,"href":"https:\/\/fassiatyvideofund.com\/index.php\/wp-json\/wp\/v2\/pages\/26\/revisions"}],"predecessor-version":[{"id":811,"href":"https:\/\/fassiatyvideofund.com\/index.php\/wp-json\/wp\/v2\/pages\/26\/revisions\/811"}],"up":[{"embeddable":true,"href":"https:\/\/fassiatyvideofund.com\/index.php\/wp-json\/wp\/v2\/pages\/25"}],"wp:attachment":[{"href":"https:\/\/fassiatyvideofund.com\/index.php\/wp-json\/wp\/v2\/media?parent=26"}],"curies":[{"name":"wp","href":"https:\/\/api.w.org\/{rel}","templated":true}]}}